{"id":5558,"date":"2025-10-11T15:47:11","date_gmt":"2025-10-11T12:47:11","guid":{"rendered":"https:\/\/soldanesti.davidansushi.md\/?post_type=product&#038;p=5558"},"modified":"2025-10-11T15:49:23","modified_gmt":"2025-10-11T12:49:23","slug":"burger-cu-vita","status":"publish","type":"product","link":"https:\/\/soldanesti.davidansushi.md\/ru\/product\/burger-cu-vita\/","title":{"rendered":"Burger cu vit\u0103"},"content":{"rendered":"","protected":false},"excerpt":{"rendered":"<p><strong>Ingrediente<\/strong><\/p>\n<ul>\n<li>chifl\u0103 burger<\/li>\n<li>ceap\u0103 caramelizat\u0103<\/li>\n<li>p\u00e2rjoal\u0103 de vit\u0103<\/li>\n<li>ca\u0219caval dorblu<\/li>\n<li>castrave\u021bi marina\u021bi<\/li>\n<li>frunz\u0103 de salat\u0103<\/li>\n<li>ro\u0219ii<\/li>\n<li>bacon<\/li>\n<li>rucola<\/li>\n<li>cartofi pai<\/li>\n<li>sos Ketchup<\/li>\n<\/ul>","protected":false},"featured_media":5619,"template":"","meta":[],"product_brand":[],"product_cat":[42],"product_tag":[],"class_list":{"0":"post-5558","1":"product","2":"type-product","3":"status-publish","4":"has-post-thumbnail","6":"product_cat-gustari","8":"first","9":"instock","10":"shipping-taxable","11":"purchasable","12":"product-type-simple"},"_links":{"self":[{"href":"https:\/\/soldanesti.davidansushi.md\/ru\/wp-json\/wp\/v2\/product\/5558","targetHints":{"allow":["GET"]}}],"collection":[{"href":"https:\/\/soldanesti.davidansushi.md\/ru\/wp-json\/wp\/v2\/product"}],"about":[{"href":"https:\/\/soldanesti.davidansushi.md\/ru\/wp-json\/wp\/v2\/types\/product"}],"version-history":[{"count":1,"href":"https:\/\/soldanesti.davidansushi.md\/ru\/wp-json\/wp\/v2\/product\/5558\/revisions"}],"predecessor-version":[{"id":5620,"href":"https:\/\/soldanesti.davidansushi.md\/ru\/wp-json\/wp\/v2\/product\/5558\/revisions\/5620"}],"wp:featuredmedia":[{"embeddable":true,"href":"https:\/\/soldanesti.davidansushi.md\/ru\/wp-json\/wp\/v2\/media\/5619"}],"wp:attachment":[{"href":"https:\/\/soldanesti.davidansushi.md\/ru\/wp-json\/wp\/v2\/media?parent=5558"}],"wp:term":[{"taxonomy":"product_brand","embeddable":true,"href":"https:\/\/soldanesti.davidansushi.md\/ru\/wp-json\/wp\/v2\/product_brand?post=5558"},{"taxonomy":"product_cat","embeddable":true,"href":"https:\/\/soldanesti.davidansushi.md\/ru\/wp-json\/wp\/v2\/product_cat?post=5558"},{"taxonomy":"product_tag","embeddable":true,"href":"https:\/\/soldanesti.davidansushi.md\/ru\/wp-json\/wp\/v2\/product_tag?post=5558"}],"curies":[{"name":"wp","href":"https:\/\/api.w.org\/{rel}","templated":true}]}}